{"id":1042,"date":"2023-04-04T20:23:37","date_gmt":"2023-04-04T18:23:37","guid":{"rendered":"https:\/\/www.chimicadelsalento.it\/?post_type=product&#038;p=1042"},"modified":"2023-04-04T20:23:37","modified_gmt":"2023-04-04T18:23:37","slug":"hferm-enoarome","status":"publish","type":"product","link":"https:\/\/www.chimicadelsalento.it\/index.php\/prodotto\/hferm-enoarome\/","title":{"rendered":"Hferm\u00ae enoArom\u00e9"},"content":{"rendered":"<p>Il prodotto enoArom\u00e8 \u00e8 stato selezionato per le sue caratteristiche di sicurezza e rapidit\u00e0 che ne fanno un ceppo adatto alle vinificazioni con le pi\u00f9 moderne tecnologie. Presenta una brevissima fase di latenza ed un\u2019elevata capacit\u00e0 colonizzativa, garantendo una fermentazione regolare e costante anche in mosti parzialmente chiarificati.<\/p>\n<p><a class=\"maxbutton-2 maxbutton maxbutton-scheda-tecnica\" href=\"https:\/\/www.hts-enologia.com\/wp-content\/hts\/Hferm\/enoArome\/ST\/IT\/ST_IT_Hferm_enoArome.pdf\" target=\"_blank\" rel=\"noopener\"><span class=\"mb-text\">Scheda Tecnica<\/span><\/a>\u00a0 \u00a0 \u00a0 \u00a0\u00a0<span class=\"maxbutton-3-container mb-container\"><a class=\"maxbutton-3 maxbutton maxbutton-scheda-sicurezza\" href=\"https:\/\/www.hts-enologia.com\/wp-content\/hts\/Hferm\/enoArome\/SS\/IT\/SS_IT_Hferm_enoArome.pdf\" target=\"_blank\" rel=\"noopener\"><span class=\"mb-text\">Scheda Sicurezza<\/span><\/a><\/span><\/p>\n<p><strong>Tipologia di vino:<\/strong>\u00a0<img loading=\"lazy\" decoding=\"async\" class=\"alignnone size-full wp-image-8699\" src=\"https:\/\/www.hts-enologia.com\/wp-content\/uploads\/2018\/11\/bianco.png\" alt=\"\" width=\"14\" height=\"20\" \/><\/p>\n","protected":false},"excerpt":{"rendered":"<p>Il prodotto enoArom\u00e8 \u00e8 stato selezionato per le sue caratteristiche di sicurezza e rapidit\u00e0 che ne fanno un ceppo adatto alle vinificazioni con le pi\u00f9 moderne tecnologie. Presenta una brevissima fase di latenza ed un\u2019elevata capacit\u00e0 colonizzativa, garantendo una fermentazione regolare e costante anche in mosti parzialmente chiarificati. Scheda Tecnica\u00a0 \u00a0 \u00a0 \u00a0\u00a0Scheda Sicurezza Tipologia [&hellip;]<\/p>\n","protected":false},"featured_media":805,"comment_status":"closed","ping_status":"closed","template":"","meta":{"saved_in_kubio":false},"product_brand":[],"product_cat":[73,64],"product_tag":[],"class_list":{"0":"post-1042","1":"product","2":"type-product","3":"status-publish","4":"has-post-thumbnail","6":"product_cat-fermentazione-alcolica","7":"product_cat-prodotti-per-lenologia","9":"first","10":"instock","11":"taxable","12":"shipping-taxable","13":"product-type-simple"},"_links":{"self":[{"href":"https:\/\/www.chimicadelsalento.it\/index.php\/wp-json\/wp\/v2\/product\/1042","targetHints":{"allow":["GET"]}}],"collection":[{"href":"https:\/\/www.chimicadelsalento.it\/index.php\/wp-json\/wp\/v2\/product"}],"about":[{"href":"https:\/\/www.chimicadelsalento.it\/index.php\/wp-json\/wp\/v2\/types\/product"}],"replies":[{"embeddable":true,"href":"https:\/\/www.chimicadelsalento.it\/index.php\/wp-json\/wp\/v2\/comments?post=1042"}],"wp:featuredmedia":[{"embeddable":true,"href":"https:\/\/www.chimicadelsalento.it\/index.php\/wp-json\/wp\/v2\/media\/805"}],"wp:attachment":[{"href":"https:\/\/www.chimicadelsalento.it\/index.php\/wp-json\/wp\/v2\/media?parent=1042"}],"wp:term":[{"taxonomy":"product_brand","embeddable":true,"href":"https:\/\/www.chimicadelsalento.it\/index.php\/wp-json\/wp\/v2\/product_brand?post=1042"},{"taxonomy":"product_cat","embeddable":true,"href":"https:\/\/www.chimicadelsalento.it\/index.php\/wp-json\/wp\/v2\/product_cat?post=1042"},{"taxonomy":"product_tag","embeddable":true,"href":"https:\/\/www.chimicadelsalento.it\/index.php\/wp-json\/wp\/v2\/product_tag?post=1042"}],"curies":[{"name":"wp","href":"https:\/\/api.w.org\/{rel}","templated":true}]}}