{"id":1044,"date":"2023-04-04T20:24:38","date_gmt":"2023-04-04T18:24:38","guid":{"rendered":"https:\/\/www.chimicadelsalento.it\/?post_type=product&#038;p=1044"},"modified":"2023-04-04T20:24:38","modified_gmt":"2023-04-04T18:24:38","slug":"hferm-enoprix","status":"publish","type":"product","link":"https:\/\/www.chimicadelsalento.it\/index.php\/prodotto\/hferm-enoprix\/","title":{"rendered":"Hferm\u00ae enoPrix"},"content":{"rendered":"<p>Il prodotto enoPrix per le sue caratteristiche di globalit\u00e0 di utilizzo e adattamento, rispetto della tipicit\u00e0 della vite e mantenimento della fermentazione anche in condizioni difficili. \u00c8 adatto anche alla fermentazione alcolica con ampi intervalli di temperatura.<\/p>\n<p><a class=\"maxbutton-2 maxbutton maxbutton-scheda-tecnica\" href=\"https:\/\/www.hts-enologia.com\/wp-content\/hts\/Hferm\/enoPrix\/ST\/IT\/ST_IT_Hferm_enoPrix.pdf\" target=\"_blank\" rel=\"noopener\"><span class=\"mb-text\">Scheda Tecnica<\/span><\/a>\u00a0 \u00a0 \u00a0 \u00a0\u00a0<span class=\"maxbutton-3-container mb-container\"><a class=\"maxbutton-3 maxbutton maxbutton-scheda-sicurezza\" href=\"https:\/\/www.hts-enologia.com\/wp-content\/hts\/Hferm\/enoPrix\/SS\/IT\/SS_IT_Hferm_enoPrix.pdf\" target=\"_blank\" rel=\"noopener\"><span class=\"mb-text\">Scheda Sicurezza<\/span><\/a><\/span><\/p>\n<p><strong>Tipologia di vino:<\/strong>\u00a0<img loading=\"lazy\" decoding=\"async\" class=\"alignnone size-full wp-image-8699\" src=\"https:\/\/www.hts-enologia.com\/wp-content\/uploads\/2018\/11\/bianco.png\" alt=\"\" width=\"14\" height=\"20\" \/>\u00a0<img loading=\"lazy\" decoding=\"async\" class=\"alignnone size-full wp-image-8857\" src=\"https:\/\/www.hts-enologia.com\/wp-content\/uploads\/2018\/11\/rosso.png\" alt=\"\" width=\"14\" height=\"20\" \/>\u00a0<img loading=\"lazy\" decoding=\"async\" class=\"alignnone size-full wp-image-8862\" src=\"https:\/\/www.hts-enologia.com\/wp-content\/uploads\/2018\/11\/rosa.png\" alt=\"\" width=\"14\" height=\"20\" \/><\/p>\n","protected":false},"excerpt":{"rendered":"<p>Il prodotto enoPrix per le sue caratteristiche di globalit\u00e0 di utilizzo e adattamento, rispetto della tipicit\u00e0 della vite e mantenimento della fermentazione anche in condizioni difficili. \u00c8 adatto anche alla fermentazione alcolica con ampi intervalli di temperatura. Scheda Tecnica\u00a0 \u00a0 \u00a0 \u00a0\u00a0Scheda Sicurezza Tipologia di vino:\u00a0\u00a0\u00a0<\/p>\n","protected":false},"featured_media":805,"comment_status":"closed","ping_status":"closed","template":"","meta":{"saved_in_kubio":false},"product_brand":[],"product_cat":[73,64],"product_tag":[],"class_list":{"0":"post-1044","1":"product","2":"type-product","3":"status-publish","4":"has-post-thumbnail","6":"product_cat-fermentazione-alcolica","7":"product_cat-prodotti-per-lenologia","9":"first","10":"instock","11":"taxable","12":"shipping-taxable","13":"product-type-simple"},"yoast_head":"<!-- This site is optimized with the Yoast SEO plugin v24.9 - https:\/\/yoast.com\/wordpress\/plugins\/seo\/ -->\n<title>Hferm\u00ae enoPrix - Chimica Del Salento Srl - San Donaci - BRINDISI<\/title>\n<meta name=\"robots\" content=\"index, follow, max-snippet:-1, max-image-preview:large, max-video-preview:-1\" \/>\n<link rel=\"canonical\" href=\"https:\/\/www.chimicadelsalento.it\/index.php\/prodotto\/hferm-enoprix\/\" \/>\n<meta property=\"og:locale\" content=\"it_IT\" \/>\n<meta property=\"og:type\" content=\"article\" \/>\n<meta property=\"og:title\" content=\"Hferm\u00ae enoPrix - Chimica Del Salento Srl - San Donaci - BRINDISI\" \/>\n<meta property=\"og:description\" content=\"Il prodotto enoPrix per le sue caratteristiche di globalit\u00e0 di utilizzo e adattamento, rispetto della tipicit\u00e0 della vite e mantenimento della fermentazione anche in condizioni difficili. \u00c8 adatto anche alla fermentazione alcolica con ampi intervalli di temperatura. Scheda Tecnica\u00a0 \u00a0 \u00a0 \u00a0\u00a0Scheda Sicurezza Tipologia di vino:\u00a0\u00a0\u00a0\" \/>\n<meta property=\"og:url\" content=\"https:\/\/www.chimicadelsalento.it\/index.php\/prodotto\/hferm-enoprix\/\" \/>\n<meta property=\"og:site_name\" content=\"Chimica Del Salento Srl - San Donaci - BRINDISI\" \/>\n<meta property=\"article:publisher\" content=\"https:\/\/www.facebook.com\/Chimica-Del-Salento-Srl-108203788563682\" \/>\n<meta property=\"og:image\" content=\"https:\/\/www.chimicadelsalento.it\/wp-content\/uploads\/2023\/03\/hts_prodotto-540x540-1-1.png\" \/>\n\t<meta property=\"og:image:width\" content=\"540\" \/>\n\t<meta property=\"og:image:height\" content=\"540\" \/>\n\t<meta property=\"og:image:type\" content=\"image\/png\" \/>\n<meta name=\"twitter:card\" content=\"summary_large_image\" \/>\n<meta name=\"twitter:label1\" content=\"Tempo di lettura stimato\" \/>\n\t<meta name=\"twitter:data1\" content=\"1 minuto\" \/>\n<script type=\"application\/ld+json\" class=\"yoast-schema-graph\">{\"@context\":\"https:\/\/schema.org\",\"@graph\":[{\"@type\":\"WebPage\",\"@id\":\"https:\/\/www.chimicadelsalento.it\/index.php\/prodotto\/hferm-enoprix\/\",\"url\":\"https:\/\/www.chimicadelsalento.it\/index.php\/prodotto\/hferm-enoprix\/\",\"name\":\"Hferm\u00ae enoPrix - Chimica Del Salento Srl - San Donaci - BRINDISI\",\"isPartOf\":{\"@id\":\"https:\/\/www.chimicadelsalento.it\/#website\"},\"primaryImageOfPage\":{\"@id\":\"https:\/\/www.chimicadelsalento.it\/index.php\/prodotto\/hferm-enoprix\/#primaryimage\"},\"image\":{\"@id\":\"https:\/\/www.chimicadelsalento.it\/index.php\/prodotto\/hferm-enoprix\/#primaryimage\"},\"thumbnailUrl\":\"https:\/\/www.chimicadelsalento.it\/wp-content\/uploads\/2023\/03\/hts_prodotto-540x540-1-1.png\",\"datePublished\":\"2023-04-04T18:24:38+00:00\",\"breadcrumb\":{\"@id\":\"https:\/\/www.chimicadelsalento.it\/index.php\/prodotto\/hferm-enoprix\/#breadcrumb\"},\"inLanguage\":\"it-IT\",\"potentialAction\":[{\"@type\":\"ReadAction\",\"target\":[\"https:\/\/www.chimicadelsalento.it\/index.php\/prodotto\/hferm-enoprix\/\"]}]},{\"@type\":\"ImageObject\",\"inLanguage\":\"it-IT\",\"@id\":\"https:\/\/www.chimicadelsalento.it\/index.php\/prodotto\/hferm-enoprix\/#primaryimage\",\"url\":\"https:\/\/www.chimicadelsalento.it\/wp-content\/uploads\/2023\/03\/hts_prodotto-540x540-1-1.png\",\"contentUrl\":\"https:\/\/www.chimicadelsalento.it\/wp-content\/uploads\/2023\/03\/hts_prodotto-540x540-1-1.png\",\"width\":540,\"height\":540},{\"@type\":\"BreadcrumbList\",\"@id\":\"https:\/\/www.chimicadelsalento.it\/index.php\/prodotto\/hferm-enoprix\/#breadcrumb\",\"itemListElement\":[{\"@type\":\"ListItem\",\"position\":1,\"name\":\"Home\",\"item\":\"https:\/\/www.chimicadelsalento.it\/\"},{\"@type\":\"ListItem\",\"position\":2,\"name\":\"Shop\",\"item\":\"https:\/\/www.chimicadelsalento.it\/index.php\/negozio\/\"},{\"@type\":\"ListItem\",\"position\":3,\"name\":\"Hferm\u00ae enoPrix\"}]},{\"@type\":\"WebSite\",\"@id\":\"https:\/\/www.chimicadelsalento.it\/#website\",\"url\":\"https:\/\/www.chimicadelsalento.it\/\",\"name\":\"Chimica Del Salento Srl - San Donaci - BRINDISI\",\"description\":\"\",\"publisher\":{\"@id\":\"https:\/\/www.chimicadelsalento.it\/#organization\"},\"potentialAction\":[{\"@type\":\"SearchAction\",\"target\":{\"@type\":\"EntryPoint\",\"urlTemplate\":\"https:\/\/www.chimicadelsalento.it\/?s={search_term_string}\"},\"query-input\":{\"@type\":\"PropertyValueSpecification\",\"valueRequired\":true,\"valueName\":\"search_term_string\"}}],\"inLanguage\":\"it-IT\"},{\"@type\":\"Organization\",\"@id\":\"https:\/\/www.chimicadelsalento.it\/#organization\",\"name\":\"Chimica del Salento\",\"url\":\"https:\/\/www.chimicadelsalento.it\/\",\"logo\":{\"@type\":\"ImageObject\",\"inLanguage\":\"it-IT\",\"@id\":\"https:\/\/www.chimicadelsalento.it\/#\/schema\/logo\/image\/\",\"url\":\"http:\/\/www.chimicadelsalento.it\/wp-content\/uploads\/2017\/05\/logo.png\",\"contentUrl\":\"http:\/\/www.chimicadelsalento.it\/wp-content\/uploads\/2017\/05\/logo.png\",\"width\":295,\"height\":248,\"caption\":\"Chimica del Salento\"},\"image\":{\"@id\":\"https:\/\/www.chimicadelsalento.it\/#\/schema\/logo\/image\/\"},\"sameAs\":[\"https:\/\/www.facebook.com\/Chimica-Del-Salento-Srl-108203788563682\"]}]}<\/script>\n<!-- \/ Yoast SEO plugin. -->","yoast_head_json":{"title":"Hferm\u00ae enoPrix - Chimica Del Salento Srl - San Donaci - BRINDISI","robots":{"index":"index","follow":"follow","max-snippet":"max-snippet:-1","max-image-preview":"max-image-preview:large","max-video-preview":"max-video-preview:-1"},"canonical":"https:\/\/www.chimicadelsalento.it\/index.php\/prodotto\/hferm-enoprix\/","og_locale":"it_IT","og_type":"article","og_title":"Hferm\u00ae enoPrix - Chimica Del Salento Srl - San Donaci - BRINDISI","og_description":"Il prodotto enoPrix per le sue caratteristiche di globalit\u00e0 di utilizzo e adattamento, rispetto della tipicit\u00e0 della vite e mantenimento della fermentazione anche in condizioni difficili. \u00c8 adatto anche alla fermentazione alcolica con ampi intervalli di temperatura. Scheda Tecnica\u00a0 \u00a0 \u00a0 \u00a0\u00a0Scheda Sicurezza Tipologia di vino:\u00a0\u00a0\u00a0","og_url":"https:\/\/www.chimicadelsalento.it\/index.php\/prodotto\/hferm-enoprix\/","og_site_name":"Chimica Del Salento Srl - San Donaci - BRINDISI","article_publisher":"https:\/\/www.facebook.com\/Chimica-Del-Salento-Srl-108203788563682","og_image":[{"width":540,"height":540,"url":"https:\/\/www.chimicadelsalento.it\/wp-content\/uploads\/2023\/03\/hts_prodotto-540x540-1-1.png","type":"image\/png"}],"twitter_card":"summary_large_image","twitter_misc":{"Tempo di lettura stimato":"1 minuto"},"schema":{"@context":"https:\/\/schema.org","@graph":[{"@type":"WebPage","@id":"https:\/\/www.chimicadelsalento.it\/index.php\/prodotto\/hferm-enoprix\/","url":"https:\/\/www.chimicadelsalento.it\/index.php\/prodotto\/hferm-enoprix\/","name":"Hferm\u00ae enoPrix - Chimica Del Salento Srl - San Donaci - BRINDISI","isPartOf":{"@id":"https:\/\/www.chimicadelsalento.it\/#website"},"primaryImageOfPage":{"@id":"https:\/\/www.chimicadelsalento.it\/index.php\/prodotto\/hferm-enoprix\/#primaryimage"},"image":{"@id":"https:\/\/www.chimicadelsalento.it\/index.php\/prodotto\/hferm-enoprix\/#primaryimage"},"thumbnailUrl":"https:\/\/www.chimicadelsalento.it\/wp-content\/uploads\/2023\/03\/hts_prodotto-540x540-1-1.png","datePublished":"2023-04-04T18:24:38+00:00","breadcrumb":{"@id":"https:\/\/www.chimicadelsalento.it\/index.php\/prodotto\/hferm-enoprix\/#breadcrumb"},"inLanguage":"it-IT","potentialAction":[{"@type":"ReadAction","target":["https:\/\/www.chimicadelsalento.it\/index.php\/prodotto\/hferm-enoprix\/"]}]},{"@type":"ImageObject","inLanguage":"it-IT","@id":"https:\/\/www.chimicadelsalento.it\/index.php\/prodotto\/hferm-enoprix\/#primaryimage","url":"https:\/\/www.chimicadelsalento.it\/wp-content\/uploads\/2023\/03\/hts_prodotto-540x540-1-1.png","contentUrl":"https:\/\/www.chimicadelsalento.it\/wp-content\/uploads\/2023\/03\/hts_prodotto-540x540-1-1.png","width":540,"height":540},{"@type":"BreadcrumbList","@id":"https:\/\/www.chimicadelsalento.it\/index.php\/prodotto\/hferm-enoprix\/#breadcrumb","itemListElement":[{"@type":"ListItem","position":1,"name":"Home","item":"https:\/\/www.chimicadelsalento.it\/"},{"@type":"ListItem","position":2,"name":"Shop","item":"https:\/\/www.chimicadelsalento.it\/index.php\/negozio\/"},{"@type":"ListItem","position":3,"name":"Hferm\u00ae enoPrix"}]},{"@type":"WebSite","@id":"https:\/\/www.chimicadelsalento.it\/#website","url":"https:\/\/www.chimicadelsalento.it\/","name":"Chimica Del Salento Srl - San Donaci - BRINDISI","description":"","publisher":{"@id":"https:\/\/www.chimicadelsalento.it\/#organization"},"potentialAction":[{"@type":"SearchAction","target":{"@type":"EntryPoint","urlTemplate":"https:\/\/www.chimicadelsalento.it\/?s={search_term_string}"},"query-input":{"@type":"PropertyValueSpecification","valueRequired":true,"valueName":"search_term_string"}}],"inLanguage":"it-IT"},{"@type":"Organization","@id":"https:\/\/www.chimicadelsalento.it\/#organization","name":"Chimica del Salento","url":"https:\/\/www.chimicadelsalento.it\/","logo":{"@type":"ImageObject","inLanguage":"it-IT","@id":"https:\/\/www.chimicadelsalento.it\/#\/schema\/logo\/image\/","url":"http:\/\/www.chimicadelsalento.it\/wp-content\/uploads\/2017\/05\/logo.png","contentUrl":"http:\/\/www.chimicadelsalento.it\/wp-content\/uploads\/2017\/05\/logo.png","width":295,"height":248,"caption":"Chimica del Salento"},"image":{"@id":"https:\/\/www.chimicadelsalento.it\/#\/schema\/logo\/image\/"},"sameAs":["https:\/\/www.facebook.com\/Chimica-Del-Salento-Srl-108203788563682"]}]}},"_links":{"self":[{"href":"https:\/\/www.chimicadelsalento.it\/index.php\/wp-json\/wp\/v2\/product\/1044","targetHints":{"allow":["GET"]}}],"collection":[{"href":"https:\/\/www.chimicadelsalento.it\/index.php\/wp-json\/wp\/v2\/product"}],"about":[{"href":"https:\/\/www.chimicadelsalento.it\/index.php\/wp-json\/wp\/v2\/types\/product"}],"replies":[{"embeddable":true,"href":"https:\/\/www.chimicadelsalento.it\/index.php\/wp-json\/wp\/v2\/comments?post=1044"}],"wp:featuredmedia":[{"embeddable":true,"href":"https:\/\/www.chimicadelsalento.it\/index.php\/wp-json\/wp\/v2\/media\/805"}],"wp:attachment":[{"href":"https:\/\/www.chimicadelsalento.it\/index.php\/wp-json\/wp\/v2\/media?parent=1044"}],"wp:term":[{"taxonomy":"product_brand","embeddable":true,"href":"https:\/\/www.chimicadelsalento.it\/index.php\/wp-json\/wp\/v2\/product_brand?post=1044"},{"taxonomy":"product_cat","embeddable":true,"href":"https:\/\/www.chimicadelsalento.it\/index.php\/wp-json\/wp\/v2\/product_cat?post=1044"},{"taxonomy":"product_tag","embeddable":true,"href":"https:\/\/www.chimicadelsalento.it\/index.php\/wp-json\/wp\/v2\/product_tag?post=1044"}],"curies":[{"name":"wp","href":"https:\/\/api.w.org\/{rel}","templated":true}]}}