{"id":847,"date":"2023-04-04T11:21:40","date_gmt":"2023-04-04T09:21:40","guid":{"rendered":"https:\/\/www.chimicadelsalento.it\/?post_type=product&#038;p=847"},"modified":"2023-04-04T18:06:08","modified_gmt":"2023-04-04T16:06:08","slug":"htan-que-stab","status":"publish","type":"product","link":"https:\/\/www.chimicadelsalento.it\/index.php\/prodotto\/htan-que-stab\/","title":{"rendered":"Htan\u00ae Que Stab"},"content":{"rendered":"<p>Il prodotto Que stab \u00e8 composto da un tannino specificatamente realizzato per la vinificazione in rosso. Grazie all\u2019altissimo contenuto di tannini proantocianidinici, concorre alla stabilizzazione della materia colorante estratta e alla protezione del vino dalle ossidazioni. I tannini proantocianidinici contenuti in Que stab e i gli antociani estratti dall\u2019uva formano pigmenti stabili, che non si ossidano n\u00e9 si decolorano, grazie a particolari legami che si creano tra gli stessi, contribuendo alla longevit\u00e0 e alla stabilit\u00e0 del prodotto finito.<\/p>\n<p><a class=\"maxbutton-2 maxbutton maxbutton-scheda-tecnica\" href=\"https:\/\/www.hts-enologia.com\/wp-content\/hts\/Htan\/Que_Stab\/ST\/IT\/ST_IT_Htan_Que_Stab.pdf\" target=\"_blank\" rel=\"noopener\"><span class=\"mb-text\">Scheda Tecnica<\/span><\/a>\u00a0 \u00a0 \u00a0\u00a0<span class=\"maxbutton-3-container mb-container\"><a class=\"maxbutton-3 maxbutton maxbutton-scheda-sicurezza\" href=\"https:\/\/www.hts-enologia.com\/wp-content\/hts\/Htan\/Que_Stab\/SS\/IT\/SS_IT_Htan_Que_Stab.pdf\" target=\"_blank\" rel=\"noopener\"><span class=\"mb-text\">Scheda Sicurezza<\/span><\/a><\/span><\/p>\n","protected":false},"excerpt":{"rendered":"<p>Il prodotto Que stab \u00e8 composto da un tannino specificatamente realizzato per la vinificazione in rosso. Grazie all\u2019altissimo contenuto di tannini proantocianidinici, concorre alla stabilizzazione della materia colorante estratta e alla protezione del vino dalle ossidazioni. I tannini proantocianidinici contenuti in Que stab e i gli antociani estratti dall\u2019uva formano pigmenti stabili, che non si [&hellip;]<\/p>\n","protected":false},"featured_media":805,"comment_status":"closed","ping_status":"closed","template":"","meta":{"saved_in_kubio":false},"product_brand":[],"product_cat":[64,69],"product_tag":[],"class_list":{"0":"post-847","1":"product","2":"type-product","3":"status-publish","4":"has-post-thumbnail","6":"product_cat-prodotti-per-lenologia","7":"product_cat-raccolta-e-protezione","9":"first","10":"instock","11":"taxable","12":"shipping-taxable","13":"product-type-simple"},"_links":{"self":[{"href":"https:\/\/www.chimicadelsalento.it\/index.php\/wp-json\/wp\/v2\/product\/847","targetHints":{"allow":["GET"]}}],"collection":[{"href":"https:\/\/www.chimicadelsalento.it\/index.php\/wp-json\/wp\/v2\/product"}],"about":[{"href":"https:\/\/www.chimicadelsalento.it\/index.php\/wp-json\/wp\/v2\/types\/product"}],"replies":[{"embeddable":true,"href":"https:\/\/www.chimicadelsalento.it\/index.php\/wp-json\/wp\/v2\/comments?post=847"}],"wp:featuredmedia":[{"embeddable":true,"href":"https:\/\/www.chimicadelsalento.it\/index.php\/wp-json\/wp\/v2\/media\/805"}],"wp:attachment":[{"href":"https:\/\/www.chimicadelsalento.it\/index.php\/wp-json\/wp\/v2\/media?parent=847"}],"wp:term":[{"taxonomy":"product_brand","embeddable":true,"href":"https:\/\/www.chimicadelsalento.it\/index.php\/wp-json\/wp\/v2\/product_brand?post=847"},{"taxonomy":"product_cat","embeddable":true,"href":"https:\/\/www.chimicadelsalento.it\/index.php\/wp-json\/wp\/v2\/product_cat?post=847"},{"taxonomy":"product_tag","embeddable":true,"href":"https:\/\/www.chimicadelsalento.it\/index.php\/wp-json\/wp\/v2\/product_tag?post=847"}],"curies":[{"name":"wp","href":"https:\/\/api.w.org\/{rel}","templated":true}]}}