{"id":867,"date":"2023-04-04T18:18:35","date_gmt":"2023-04-04T16:18:35","guid":{"rendered":"https:\/\/www.chimicadelsalento.it\/?post_type=product&#038;p=867"},"modified":"2023-04-04T18:19:39","modified_gmt":"2023-04-04T16:19:39","slug":"hzym-beta-lise","status":"publish","type":"product","link":"https:\/\/www.chimicadelsalento.it\/index.php\/prodotto\/hzym-beta-lise\/","title":{"rendered":"Hzym\u00ae Beta Lise"},"content":{"rendered":"<p>Il prodotto Beta Lise \u00e8 un formulato enzimatico micro-granulare, solubile in acqua e in mosto, con attivit\u00e0 pectenasica ed attivit\u00e0 \u03b2-glucanasi, in proporzione equilibrate, ottenuto dai ceppi selezionati di Trichoderma harzianum e Aspergillus niger, OGM free. La sua formulazione permette la degradazione dei glucani prodotti da Botritys cinerea e dalla parete del lievito. Beta Lise consente di migliorare le caratteristiche di filtrabilit\u00e0 dei vini prodotti da uve in precario stato sanitario e di favorire la liberazione dei polisaccaridi della parete del lievito (mannoproteine) nei vini maturati sur lies.<\/p>\n<p><a class=\"maxbutton-2 maxbutton maxbutton-scheda-tecnica\" href=\"https:\/\/www.hts-enologia.com\/wp-content\/hts\/Hzym\/Beta_Lise\/ST\/IT\/ST_IT_Hzym_Beta_Lise.pdf\" target=\"_blank\" rel=\"noopener\"><span class=\"mb-text\">Scheda Tecnica<\/span><\/a>\u00a0 \u00a0 \u00a0 \u00a0\u00a0<span class=\"maxbutton-3-container mb-container\"><a class=\"maxbutton-3 maxbutton maxbutton-scheda-sicurezza\" href=\"https:\/\/www.hts-enologia.com\/wp-content\/hts\/Hzym\/Beta_Lise\/SS\/IT\/SS_IT_Hzym_Beta_Lise.pdf\" target=\"_blank\" rel=\"noopener\"><span class=\"mb-text\">Scheda Sicurezza<\/span><\/a><\/span><\/p>\n<p><strong>Uva:\u00a0\u00a0<img loading=\"lazy\" decoding=\"async\" class=\"alignnone size-full wp-image-9394\" src=\"https:\/\/www.hts-enologia.com\/wp-content\/uploads\/2018\/11\/scatolaRossa.png\" alt=\"\" width=\"17\" height=\"28\" \/>\u00a0\u00a0<img loading=\"lazy\" decoding=\"async\" class=\"alignnone size-full wp-image-9393\" src=\"https:\/\/www.hts-enologia.com\/wp-content\/uploads\/2018\/11\/scatolaRosa.png\" alt=\"\" width=\"17\" height=\"28\" \/>\u00a0\u00a0\u00a0<img loading=\"lazy\" decoding=\"async\" class=\"alignnone size-full wp-image-9392\" src=\"https:\/\/www.hts-enologia.com\/wp-content\/uploads\/2018\/11\/scatolaBianco.png\" alt=\"\" width=\"17\" height=\"28\" \/>\u00a0\u00a0\u00a0<img loading=\"lazy\" decoding=\"async\" class=\"alignnone size-full wp-image-9391\" src=\"https:\/\/www.hts-enologia.com\/wp-content\/uploads\/2018\/11\/bottepiccola.png\" alt=\"\" width=\"25\" height=\"35\" \/><\/strong><\/p>\n<p>&nbsp;<\/p>\n","protected":false},"excerpt":{"rendered":"<p>Il prodotto Beta Lise \u00e8 un formulato enzimatico micro-granulare, solubile in acqua e in mosto, con attivit\u00e0 pectenasica ed attivit\u00e0 \u03b2-glucanasi, in proporzione equilibrate, ottenuto dai ceppi selezionati di Trichoderma harzianum e Aspergillus niger, OGM free. La sua formulazione permette la degradazione dei glucani prodotti da Botritys cinerea e dalla parete del lievito. Beta Lise [&hellip;]<\/p>\n","protected":false},"featured_media":805,"comment_status":"closed","ping_status":"closed","template":"","meta":{"saved_in_kubio":false},"product_brand":[],"product_cat":[64,69],"product_tag":[],"class_list":{"0":"post-867","1":"product","2":"type-product","3":"status-publish","4":"has-post-thumbnail","6":"product_cat-prodotti-per-lenologia","7":"product_cat-raccolta-e-protezione","9":"first","10":"instock","11":"taxable","12":"shipping-taxable","13":"product-type-simple"},"_links":{"self":[{"href":"https:\/\/www.chimicadelsalento.it\/index.php\/wp-json\/wp\/v2\/product\/867","targetHints":{"allow":["GET"]}}],"collection":[{"href":"https:\/\/www.chimicadelsalento.it\/index.php\/wp-json\/wp\/v2\/product"}],"about":[{"href":"https:\/\/www.chimicadelsalento.it\/index.php\/wp-json\/wp\/v2\/types\/product"}],"replies":[{"embeddable":true,"href":"https:\/\/www.chimicadelsalento.it\/index.php\/wp-json\/wp\/v2\/comments?post=867"}],"wp:featuredmedia":[{"embeddable":true,"href":"https:\/\/www.chimicadelsalento.it\/index.php\/wp-json\/wp\/v2\/media\/805"}],"wp:attachment":[{"href":"https:\/\/www.chimicadelsalento.it\/index.php\/wp-json\/wp\/v2\/media?parent=867"}],"wp:term":[{"taxonomy":"product_brand","embeddable":true,"href":"https:\/\/www.chimicadelsalento.it\/index.php\/wp-json\/wp\/v2\/product_brand?post=867"},{"taxonomy":"product_cat","embeddable":true,"href":"https:\/\/www.chimicadelsalento.it\/index.php\/wp-json\/wp\/v2\/product_cat?post=867"},{"taxonomy":"product_tag","embeddable":true,"href":"https:\/\/www.chimicadelsalento.it\/index.php\/wp-json\/wp\/v2\/product_tag?post=867"}],"curies":[{"name":"wp","href":"https:\/\/api.w.org\/{rel}","templated":true}]}}