{"id":884,"date":"2023-04-04T18:28:25","date_gmt":"2023-04-04T16:28:25","guid":{"rendered":"https:\/\/www.chimicadelsalento.it\/?post_type=product&#038;p=884"},"modified":"2023-04-04T18:28:26","modified_gmt":"2023-04-04T16:28:26","slug":"hzym-color-g","status":"publish","type":"product","link":"https:\/\/www.chimicadelsalento.it\/index.php\/prodotto\/hzym-color-g\/","title":{"rendered":"Hzym\u00ae Color G"},"content":{"rendered":"<p>Il prodotto Color G \u00e8 un formulato enzimatico micro-granulare, solubile in acqua e in mosto, con attivit\u00e0 pectolitica principale ed attivit\u00e0 emicellulasica secondaria, ottenuto da un ceppo selezionato di Aspergillus niger, OGM free. Color G pu\u00f2 contenere attivit\u00e0 secondarie enzimatiche indesiderate come cinnamyl-esterasi ed antocianasi, in quantit\u00e0 meramente irrilevanti. Nel contempo, le attivit\u00e0 degli enzimi presenti in Color G concorrono in sinergia a favorire l\u2019estrazione delle sostanze coloranti e dei composti fenolici e polifenolici contenuti all\u2019interno della parete della buccia d\u2019uva.<\/p>\n<p><a class=\"maxbutton-2 maxbutton maxbutton-scheda-tecnica\" href=\"https:\/\/www.hts-enologia.com\/wp-content\/hts\/Hzym\/Color_G\/ST\/IT\/ST_IT_Hzym_Color_G.pdf\" target=\"_blank\" rel=\"noopener\"><span class=\"mb-text\">Scheda Tecnica<\/span><\/a>\u00a0 \u00a0 \u00a0 \u00a0\u00a0<span class=\"maxbutton-3-container mb-container\"><a class=\"maxbutton-3 maxbutton maxbutton-scheda-sicurezza\" href=\"https:\/\/www.hts-enologia.com\/wp-content\/hts\/Hzym\/Color_G\/SS\/IT\/SS_IT_Hzym_Color_G.pdf\" target=\"_blank\" rel=\"noopener\"><span class=\"mb-text\">Scheda Sicurezza<\/span><\/a><\/span><\/p>\n<p><strong>Uva:\u00a0\u00a0<img loading=\"lazy\" decoding=\"async\" class=\"alignnone size-full wp-image-9370\" src=\"https:\/\/www.hts-enologia.com\/wp-content\/uploads\/2018\/11\/grappoloRosso.png\" alt=\"\" width=\"25\" height=\"23\" \/><\/strong><\/p>\n","protected":false},"excerpt":{"rendered":"<p>Il prodotto Color G \u00e8 un formulato enzimatico micro-granulare, solubile in acqua e in mosto, con attivit\u00e0 pectolitica principale ed attivit\u00e0 emicellulasica secondaria, ottenuto da un ceppo selezionato di Aspergillus niger, OGM free. Color G pu\u00f2 contenere attivit\u00e0 secondarie enzimatiche indesiderate come cinnamyl-esterasi ed antocianasi, in quantit\u00e0 meramente irrilevanti. Nel contempo, le attivit\u00e0 degli enzimi [&hellip;]<\/p>\n","protected":false},"featured_media":805,"comment_status":"closed","ping_status":"closed","template":"","meta":{"saved_in_kubio":false},"product_brand":[],"product_cat":[64,69],"product_tag":[],"class_list":{"0":"post-884","1":"product","2":"type-product","3":"status-publish","4":"has-post-thumbnail","6":"product_cat-prodotti-per-lenologia","7":"product_cat-raccolta-e-protezione","9":"first","10":"instock","11":"taxable","12":"shipping-taxable","13":"product-type-simple"},"_links":{"self":[{"href":"https:\/\/www.chimicadelsalento.it\/index.php\/wp-json\/wp\/v2\/product\/884","targetHints":{"allow":["GET"]}}],"collection":[{"href":"https:\/\/www.chimicadelsalento.it\/index.php\/wp-json\/wp\/v2\/product"}],"about":[{"href":"https:\/\/www.chimicadelsalento.it\/index.php\/wp-json\/wp\/v2\/types\/product"}],"replies":[{"embeddable":true,"href":"https:\/\/www.chimicadelsalento.it\/index.php\/wp-json\/wp\/v2\/comments?post=884"}],"wp:featuredmedia":[{"embeddable":true,"href":"https:\/\/www.chimicadelsalento.it\/index.php\/wp-json\/wp\/v2\/media\/805"}],"wp:attachment":[{"href":"https:\/\/www.chimicadelsalento.it\/index.php\/wp-json\/wp\/v2\/media?parent=884"}],"wp:term":[{"taxonomy":"product_brand","embeddable":true,"href":"https:\/\/www.chimicadelsalento.it\/index.php\/wp-json\/wp\/v2\/product_brand?post=884"},{"taxonomy":"product_cat","embeddable":true,"href":"https:\/\/www.chimicadelsalento.it\/index.php\/wp-json\/wp\/v2\/product_cat?post=884"},{"taxonomy":"product_tag","embeddable":true,"href":"https:\/\/www.chimicadelsalento.it\/index.php\/wp-json\/wp\/v2\/product_tag?post=884"}],"curies":[{"name":"wp","href":"https:\/\/api.w.org\/{rel}","templated":true}]}}