{"id":915,"date":"2023-04-04T18:40:52","date_gmt":"2023-04-04T16:40:52","guid":{"rendered":"https:\/\/www.chimicadelsalento.it\/?post_type=product&#038;p=915"},"modified":"2023-04-04T18:40:52","modified_gmt":"2023-04-04T16:40:52","slug":"hzym-agruzym-ultra-100l","status":"publish","type":"product","link":"https:\/\/www.chimicadelsalento.it\/index.php\/prodotto\/hzym-agruzym-ultra-100l\/","title":{"rendered":"Hzym\u00ae Agruzym Ultra 100L"},"content":{"rendered":"<p>Agruzym Ultra 100L \u00e8 un formulato enzimatico liquido, solubile in acqua, con attivit\u00e0 pectinase concentrata. \u00c8 composto dagli enzimi pectin-liasi, poli-galatturonasi e pectin-metil-esterasi. \u00c8 ottenuto da un ceppo selezionato di Aspergillus niger, OGM free. Agruzym Ultra 100L favorisce la depectinizzazione totale dei succhi degli agrumi e trova il suo utilizzo nelle industrie alimentari e di bevande.<\/p>\n<p><a class=\"maxbutton-2 maxbutton maxbutton-scheda-tecnica\" href=\"https:\/\/www.hts-enologia.com\/wp-content\/hts\/Hzym\/Agruzym_Ultra_100L\/ST\/IT\/ST_IT_Hzym_Agruzym_Ultra_100L.pdf\" target=\"_blank\" rel=\"noopener\"><span class=\"mb-text\">Scheda Tecnica<\/span><\/a>\u00a0 \u00a0 \u00a0 \u00a0\u00a0<span class=\"maxbutton-3-container mb-container\"><a class=\"maxbutton-3 maxbutton maxbutton-scheda-sicurezza\" href=\"https:\/\/www.hts-enologia.com\/wp-content\/hts\/Hzym\/Agruzym_Ultra_100L\/SS\/IT\/SS_IT_Hzym_Agruzym_Ultra_100L.pdf\" target=\"_blank\" rel=\"noopener\"><span class=\"mb-text\">Scheda Sicurezza<\/span><\/a><\/span><\/p>\n","protected":false},"excerpt":{"rendered":"<p>Agruzym Ultra 100L \u00e8 un formulato enzimatico liquido, solubile in acqua, con attivit\u00e0 pectinase concentrata. \u00c8 composto dagli enzimi pectin-liasi, poli-galatturonasi e pectin-metil-esterasi. \u00c8 ottenuto da un ceppo selezionato di Aspergillus niger, OGM free. Agruzym Ultra 100L favorisce la depectinizzazione totale dei succhi degli agrumi e trova il suo utilizzo nelle industrie alimentari e di [&hellip;]<\/p>\n","protected":false},"featured_media":805,"comment_status":"closed","ping_status":"closed","template":"","meta":{"saved_in_kubio":false},"product_brand":[],"product_cat":[64,69],"product_tag":[],"class_list":{"0":"post-915","1":"product","2":"type-product","3":"status-publish","4":"has-post-thumbnail","6":"product_cat-prodotti-per-lenologia","7":"product_cat-raccolta-e-protezione","9":"first","10":"instock","11":"taxable","12":"shipping-taxable","13":"product-type-simple"},"_links":{"self":[{"href":"https:\/\/www.chimicadelsalento.it\/index.php\/wp-json\/wp\/v2\/product\/915","targetHints":{"allow":["GET"]}}],"collection":[{"href":"https:\/\/www.chimicadelsalento.it\/index.php\/wp-json\/wp\/v2\/product"}],"about":[{"href":"https:\/\/www.chimicadelsalento.it\/index.php\/wp-json\/wp\/v2\/types\/product"}],"replies":[{"embeddable":true,"href":"https:\/\/www.chimicadelsalento.it\/index.php\/wp-json\/wp\/v2\/comments?post=915"}],"wp:featuredmedia":[{"embeddable":true,"href":"https:\/\/www.chimicadelsalento.it\/index.php\/wp-json\/wp\/v2\/media\/805"}],"wp:attachment":[{"href":"https:\/\/www.chimicadelsalento.it\/index.php\/wp-json\/wp\/v2\/media?parent=915"}],"wp:term":[{"taxonomy":"product_brand","embeddable":true,"href":"https:\/\/www.chimicadelsalento.it\/index.php\/wp-json\/wp\/v2\/product_brand?post=915"},{"taxonomy":"product_cat","embeddable":true,"href":"https:\/\/www.chimicadelsalento.it\/index.php\/wp-json\/wp\/v2\/product_cat?post=915"},{"taxonomy":"product_tag","embeddable":true,"href":"https:\/\/www.chimicadelsalento.it\/index.php\/wp-json\/wp\/v2\/product_tag?post=915"}],"curies":[{"name":"wp","href":"https:\/\/api.w.org\/{rel}","templated":true}]}}