{"id":943,"date":"2023-04-04T18:55:36","date_gmt":"2023-04-04T16:55:36","guid":{"rendered":"https:\/\/www.chimicadelsalento.it\/?post_type=product&#038;p=943"},"modified":"2023-04-04T18:58:18","modified_gmt":"2023-04-04T16:58:18","slug":"hveg-vegepure-flott-liquid","status":"publish","type":"product","link":"https:\/\/www.chimicadelsalento.it\/index.php\/prodotto\/hveg-vegepure-flott-liquid\/","title":{"rendered":"Hveg\u00ae Vegepure Flott Liquid"},"content":{"rendered":"<p>Il prodotto Vegepure Flott Liquid \u00e8 soluzione stabilizzata a base di proteine vegetali. \u00c8 caratterizzato da un elevato potenziale zeta, responsabile della stabilit\u00e0 dei colloidi, superiore a altre proteine vegetali ed altre gelatine di origine animale. Si caratterizza per una rapida ed efficace capacit\u00e0 di chiarifica riducendo notevolmente i tempi di trattamento.<\/p>\n<p><a class=\"maxbutton-2 maxbutton maxbutton-scheda-tecnica\" href=\"https:\/\/www.hts-enologia.com\/wp-content\/hts\/Hveg\/Vegepure_Flott_Liquid\/ST\/IT\/ST_IT_Hveg_Vegepure_Flott_Liquid.pdf\" target=\"_blank\" rel=\"noopener\"><span class=\"mb-text\">Scheda Tecnica<\/span><\/a>\u00a0 \u00a0 \u00a0\u00a0<span class=\"maxbutton-3-container mb-container\"><a class=\"maxbutton-3 maxbutton maxbutton-scheda-sicurezza\" href=\"https:\/\/www.hts-enologia.com\/wp-content\/hts\/Hveg\/Vegepure_Flott_Liquid\/SS\/IT\/SS_IT_Hveg_Vegepure_Flott_Liquid.pdf\" target=\"_blank\" rel=\"noopener\"><span class=\"mb-text\">Scheda Sicurezza<\/span><\/a><\/span><\/p>\n","protected":false},"excerpt":{"rendered":"<p>Il prodotto Vegepure Flott Liquid \u00e8 soluzione stabilizzata a base di proteine vegetali. \u00c8 caratterizzato da un elevato potenziale zeta, responsabile della stabilit\u00e0 dei colloidi, superiore a altre proteine vegetali ed altre gelatine di origine animale. Si caratterizza per una rapida ed efficace capacit\u00e0 di chiarifica riducendo notevolmente i tempi di trattamento. Scheda Tecnica\u00a0 \u00a0 [&hellip;]<\/p>\n","protected":false},"featured_media":805,"comment_status":"closed","ping_status":"closed","template":"","meta":{"saved_in_kubio":false},"product_brand":[],"product_cat":[88,64],"product_tag":[],"class_list":{"0":"post-943","1":"product","2":"type-product","3":"status-publish","4":"has-post-thumbnail","6":"product_cat-hveg","7":"product_cat-prodotti-per-lenologia","9":"first","10":"instock","11":"taxable","12":"shipping-taxable","13":"product-type-simple"},"_links":{"self":[{"href":"https:\/\/www.chimicadelsalento.it\/index.php\/wp-json\/wp\/v2\/product\/943","targetHints":{"allow":["GET"]}}],"collection":[{"href":"https:\/\/www.chimicadelsalento.it\/index.php\/wp-json\/wp\/v2\/product"}],"about":[{"href":"https:\/\/www.chimicadelsalento.it\/index.php\/wp-json\/wp\/v2\/types\/product"}],"replies":[{"embeddable":true,"href":"https:\/\/www.chimicadelsalento.it\/index.php\/wp-json\/wp\/v2\/comments?post=943"}],"wp:featuredmedia":[{"embeddable":true,"href":"https:\/\/www.chimicadelsalento.it\/index.php\/wp-json\/wp\/v2\/media\/805"}],"wp:attachment":[{"href":"https:\/\/www.chimicadelsalento.it\/index.php\/wp-json\/wp\/v2\/media?parent=943"}],"wp:term":[{"taxonomy":"product_brand","embeddable":true,"href":"https:\/\/www.chimicadelsalento.it\/index.php\/wp-json\/wp\/v2\/product_brand?post=943"},{"taxonomy":"product_cat","embeddable":true,"href":"https:\/\/www.chimicadelsalento.it\/index.php\/wp-json\/wp\/v2\/product_cat?post=943"},{"taxonomy":"product_tag","embeddable":true,"href":"https:\/\/www.chimicadelsalento.it\/index.php\/wp-json\/wp\/v2\/product_tag?post=943"}],"curies":[{"name":"wp","href":"https:\/\/api.w.org\/{rel}","templated":true}]}}